{"id":19838,"date":"2019-02-04T12:09:47","date_gmt":"2019-02-04T11:09:47","guid":{"rendered":"https:\/\/bluforce.fitt.com\/fitt-bluforce-app\/"},"modified":"2019-10-21T08:40:18","modified_gmt":"2019-10-21T06:40:18","slug":"application-fitt-bluforce","status":"publish","type":"page","link":"https:\/\/bluforce.fitt.com\/fr\/application-fitt-bluforce\/","title":{"rendered":"Application FITT Bluforce"},"content":{"rendered":"<div class=\"wpb-content-wrapper\"><p>[vc_row css_animation=\u00a0\u00bb\u00a0\u00bb row_type=\u00a0\u00bbrow\u00a0\u00bb use_row_as_full_screen_section=\u00a0\u00bbno\u00a0\u00bb type=\u00a0\u00bbfull_width\u00a0\u00bb angled_section=\u00a0\u00bbno\u00a0\u00bb text_align=\u00a0\u00bbleft\u00a0\u00bb background_image=\u00a0\u00bb15947&Prime; background_image_as_pattern=\u00a0\u00bbwithout_pattern\u00a0\u00bb][vc_column][vc_row_inner row_type=\u00a0\u00bbrow\u00a0\u00bb type=\u00a0\u00bbgrid\u00a0\u00bb text_align=\u00a0\u00bbcenter\u00a0\u00bb css_animation=\u00a0\u00bb\u00a0\u00bb css=\u00a0\u00bb.vc_custom_1505981082948{padding-top: 70px !important;padding-bottom: 70px !important;background-color: #004970 !important;}\u00a0\u00bb][vc_column_inner][vc_column_text css=\u00a0\u00bb.vc_custom_1571639848521{padding-top: 15px !important;padding-right: 15px !important;padding-bottom: 15px !important;padding-left: 15px !important;}\u00a0\u00bb]<\/p>\n<h1 class=\"testo-bianco\" style=\"text-align: center;\">Application FITT Bluforce<\/h1>\n<p>[\/vc_column_text][vc_separator type=\u00a0\u00bbsmall\u00a0\u00bb position=\u00a0\u00bbcenter\u00a0\u00bb up=\u00a0\u00bb25&Prime; down=\u00a0\u00bb25&Prime; el_class=\u00a0\u00bbcss3gradient\u00a0\u00bb][vc_column_text css=\u00a0\u00bb.vc_custom_1571639859802{padding-top: 15px !important;padding-right: 15px !important;padding-bottom: 15px !important;padding-left: 15px !important;}\u00a0\u00bb]<\/p>\n<p class=\"testo-bianco\" style=\"text-align: center;\">Un logiciel qui simplifie les op\u00e9rations de calcul du r\u00e9seau<\/p>\n<p>[\/vc_column_text][vc_separator type=\u00a0\u00bbtransparent\u00a0\u00bb]<a  itemprop=\"url\" href=\"\/webapp\/\" target=\"_self\"  class=\"qbutton  default\" style=\"\">VOIR L\u2019APPLICATION<\/a>[\/vc_column_inner][\/vc_row_inner][\/vc_column][\/vc_row][vc_row css_animation=\u00a0\u00bb\u00a0\u00bb row_type=\u00a0\u00bbrow\u00a0\u00bb use_row_as_full_screen_section=\u00a0\u00bbno\u00a0\u00bb type=\u00a0\u00bbfull_width\u00a0\u00bb angled_section=\u00a0\u00bbno\u00a0\u00bb text_align=\u00a0\u00bbleft\u00a0\u00bb background_image_as_pattern=\u00a0\u00bbwithout_pattern\u00a0\u00bb css=\u00a0\u00bb.vc_custom_1504873224165{background-color: #f6f6f6 !important;}\u00a0\u00bb][vc_column][vc_empty_space height=\u00a0\u00bb64px\u00a0\u00bb][vc_row_inner row_type=\u00a0\u00bbrow\u00a0\u00bb type=\u00a0\u00bbgrid\u00a0\u00bb text_align=\u00a0\u00bbleft\u00a0\u00bb css_animation=\u00a0\u00bb\u00a0\u00bb][vc_column_inner][vc_column_text]<\/p>\n<h3 style=\"text-align: center;\"><span style=\"color: #48494c;\">Pourquoi choisir l\u2019application FITT Bluforce?<\/span><\/h3>\n<p>[\/vc_column_text][vc_separator type=\u00a0\u00bbsmall\u00a0\u00bb position=\u00a0\u00bbcenter\u00a0\u00bb][vc_column_text]<\/p>\n<p style=\"text-align: center;\">L\u2019innovation et la recherche continues de FITT ne se limitent pas au d\u00e9veloppement de produits de pointe, elles comprennent \u00e9galement des solutions de soutien qui fournissent une prestation compl\u00e8te en termes de conception, de fabrication et de gestion des canalisations.<\/p>\n<p style=\"text-align: center;\">L\u2019application FITT Bluforce est con\u00e7ue pour simplifier les op\u00e9rations de dimensionnement du r\u00e9seau.<\/p>\n<p>[\/vc_column_text][vc_separator type=\u00a0\u00bbtransparent\u00a0\u00bb up=\u00a0\u00bb5&Prime; down=\u00a0\u00bb5&Prime;][\/vc_column_inner][\/vc_row_inner][vc_empty_space][\/vc_column][\/vc_row][vc_row css_animation=\u00a0\u00bb\u00a0\u00bb row_type=\u00a0\u00bbrow\u00a0\u00bb use_row_as_full_screen_section=\u00a0\u00bbno\u00a0\u00bb type=\u00a0\u00bbfull_width\u00a0\u00bb angled_section=\u00a0\u00bbno\u00a0\u00bb text_align=\u00a0\u00bbleft\u00a0\u00bb background_image_as_pattern=\u00a0\u00bbwithout_pattern\u00a0\u00bb css=\u00a0\u00bb.vc_custom_1504873233152{background-color: #ffffff !important;}\u00a0\u00bb][vc_column][vc_empty_space height=\u00a0\u00bb64px\u00a0\u00bb][vc_row_inner row_type=\u00a0\u00bbrow\u00a0\u00bb type=\u00a0\u00bbgrid\u00a0\u00bb text_align=\u00a0\u00bbleft\u00a0\u00bb css_animation=\u00a0\u00bb\u00a0\u00bb][vc_column_inner width=\u00a0\u00bb1\/3&Prime;][vc_single_image image=\u00a0\u00bb18359&Prime; img_size=\u00a0\u00bb200&#215;200&Prime; alignment=\u00a0\u00bbcenter\u00a0\u00bb qode_css_animation=\u00a0\u00bb\u00a0\u00bb][vc_column_text]<\/p>\n<h3 style=\"text-align: center;\"><span style=\"color: #48494c;\">Calcul hydraulique<\/span><\/h3>\n<p>[\/vc_column_text][vc_separator type=\u00a0\u00bbsmall\u00a0\u00bb position=\u00a0\u00bbcenter\u00a0\u00bb][vc_column_text]<\/p>\n<p style=\"text-align: center;\">Permet de calculer le d\u00e9bit, la vitesse et la perte de charge dans le tuyau.<\/p>\n<p>[\/vc_column_text][\/vc_column_inner][vc_column_inner width=\u00a0\u00bb1\/3&Prime;][vc_single_image image=\u00a0\u00bb18360&Prime; img_size=\u00a0\u00bb200&#215;200&Prime; alignment=\u00a0\u00bbcenter\u00a0\u00bb qode_css_animation=\u00a0\u00bb\u00a0\u00bb][vc_column_text]<\/p>\n<h3 style=\"text-align: center;\"><span style=\"color: #48494c;\">Coup de b\u00e9lier<\/span><\/h3>\n<p>[\/vc_column_text][vc_separator type=\u00a0\u00bbsmall\u00a0\u00bb position=\u00a0\u00bbcenter\u00a0\u00bb][vc_column_text]<\/p>\n<p style=\"text-align: center;\">Permet de calculer la pression maximale du tuyau<\/p>\n<p>[\/vc_column_text][\/vc_column_inner][vc_column_inner width=\u00a0\u00bb1\/3&Prime;][vc_single_image image=\u00a0\u00bb18358&Prime; img_size=\u00a0\u00bb200&#215;200&Prime; alignment=\u00a0\u00bbcenter\u00a0\u00bb qode_css_animation=\u00a0\u00bb\u00a0\u00bb][vc_column_text]<\/p>\n<h3 style=\"text-align: center;\"><span style=\"color: #48494c;\">Massifs en b\u00e9ton<\/span><\/h3>\n<p>[\/vc_column_text][vc_separator type=\u00a0\u00bbsmall\u00a0\u00bb position=\u00a0\u00bbcenter\u00a0\u00bb][vc_column_text]<\/p>\n<p style=\"text-align: center;\">Permet de calculer le volume du bloc d\u2019ancrage.<\/p>\n<p>[\/vc_column_text][\/vc_column_inner][\/vc_row_inner][vc_empty_space][vc_row_inner row_type=\u00a0\u00bbrow\u00a0\u00bb type=\u00a0\u00bbgrid\u00a0\u00bb text_align=\u00a0\u00bbleft\u00a0\u00bb css_animation=\u00a0\u00bb\u00a0\u00bb][vc_column_inner width=\u00a0\u00bb1\/3&Prime;][vc_single_image image=\u00a0\u00bb18357&Prime; img_size=\u00a0\u00bb200&#215;200&Prime; alignment=\u00a0\u00bbcenter\u00a0\u00bb qode_css_animation=\u00a0\u00bb\u00a0\u00bb][vc_column_text]<\/p>\n<h3 style=\"text-align: center;\"><span style=\"color: #48494c;\">Syst\u00e8me de verrouillage<\/span><\/h3>\n<p>[\/vc_column_text][vc_separator type=\u00a0\u00bbsmall\u00a0\u00bb position=\u00a0\u00bbcenter\u00a0\u00bb][vc_column_text]<\/p>\n<p style=\"text-align: center;\">Permet de calculer le nombre de joints anti-\u00e9chappement requis dans les points singuliers (FITT Bluforce RJ).<\/p>\n<p>[\/vc_column_text][\/vc_column_inner][vc_column_inner width=\u00a0\u00bb1\/3&Prime;][vc_single_image image=\u00a0\u00bb18361&Prime; img_size=\u00a0\u00bb200&#215;200&Prime; alignment=\u00a0\u00bbcenter\u00a0\u00bb qode_css_animation=\u00a0\u00bb\u00a0\u00bb][vc_column_text]<\/p>\n<h3 style=\"text-align: center;\"><span style=\"color: #48494c;\">Calcul statique<\/span><\/h3>\n<p>[\/vc_column_text][vc_separator type=\u00a0\u00bbsmall\u00a0\u00bb position=\u00a0\u00bbcenter\u00a0\u00bb][vc_column_text]<\/p>\n<p style=\"text-align: center;\">Permet de v\u00e9rifier la r\u00e9sistance de la canalisation \u00e0 l\u2019\u00e9crasement par rapport aux conditions de pose.<\/p>\n<p>[\/vc_column_text][\/vc_column_inner][vc_column_inner width=\u00a0\u00bb1\/3&Prime;][\/vc_column_inner][\/vc_row_inner][vc_empty_space][vc_empty_space][\/vc_column][\/vc_row][vc_row css_animation=\u00a0\u00bb\u00a0\u00bb row_type=\u00a0\u00bbrow\u00a0\u00bb use_row_as_full_screen_section=\u00a0\u00bbno\u00a0\u00bb type=\u00a0\u00bbfull_width\u00a0\u00bb angled_section=\u00a0\u00bbno\u00a0\u00bb text_align=\u00a0\u00bbleft\u00a0\u00bb background_image_as_pattern=\u00a0\u00bbwithout_pattern\u00a0\u00bb css=\u00a0\u00bb.vc_custom_1504873269394{background-color: #f6f6f6 !important;}\u00a0\u00bb][vc_column][vc_empty_space height=\u00a0\u00bb64px\u00a0\u00bb][vc_row_inner row_type=\u00a0\u00bbrow\u00a0\u00bb type=\u00a0\u00bbgrid\u00a0\u00bb text_align=\u00a0\u00bbcenter\u00a0\u00bb css_animation=\u00a0\u00bb\u00a0\u00bb][vc_column_inner][vc_column_text]<\/p>\n<h3 style=\"text-align: center;\"><span style=\"color: #48494c;\">Les r\u00e9sultats g\u00e9n\u00e9r\u00e9s par l\u2019application FITT Bluforce peuvent \u00eatre export\u00e9s au format PDF.<\/span><\/h3>\n<p style=\"text-align: center;\">Pour acc\u00e9der rapidement aux fonctionnalit\u00e9s de l\u2019application FITT Bluforce, vous pouvez cr\u00e9er un lien sur l\u2019\u00e9cran d\u2019accueil de votre smartphone.<\/p>\n<p>[\/vc_column_text][vc_empty_space]<a  itemprop=\"url\" href=\"\/webapp\/\" target=\"_self\"  class=\"qbutton  center default\" style=\"\">D\u00c9COUVREZ L'APP<\/a>[\/vc_column_inner][\/vc_row_inner][vc_empty_space][\/vc_column][\/vc_row]<\/p>\n<\/div>","protected":false},"excerpt":{"rendered":"<p>[vc_row css_animation=\u00a0\u00bb\u00a0\u00bb row_type=\u00a0\u00bbrow\u00a0\u00bb use_row_as_full_screen_section=\u00a0\u00bbno\u00a0\u00bb type=\u00a0\u00bbfull_width\u00a0\u00bb angled_section=\u00a0\u00bbno\u00a0\u00bb text_align=\u00a0\u00bbleft\u00a0\u00bb background_image=\u00a0\u00bb15947&Prime; background_image_as_pattern=\u00a0\u00bbwithout_pattern\u00a0\u00bb][vc_column][vc_row_inner row_type=\u00a0\u00bbrow\u00a0\u00bb type=\u00a0\u00bbgrid\u00a0\u00bb text_align=\u00a0\u00bbcenter\u00a0\u00bb css_animation=\u00a0\u00bb\u00a0\u00bb css=\u00a0\u00bb.vc_custom_1505981082948{padding-top: 70px !important;padding-bottom: 70px !important;background-color: #004970 !important;}\u00a0\u00bb][vc_column_inner][vc_column_text css=\u00a0\u00bb.vc_custom_1571639848521{padding-top: 15px !important;padding-right: 15px !important;padding-bottom: 15px !important;padding-left: 15px !important;}\u00a0\u00bb] Application FITT Bluforce [\/vc_column_text][vc_separator type=\u00a0\u00bbsmall\u00a0\u00bb position=\u00a0\u00bbcenter\u00a0\u00bb up=\u00a0\u00bb25&Prime; down=\u00a0\u00bb25&Prime; el_class=\u00a0\u00bbcss3gradient\u00a0\u00bb][vc_column_text css=\u00a0\u00bb.vc_custom_1571639859802{padding-top: 15px !important;padding-right: 15px !important;padding-bottom: 15px !important;padding-left:&#8230;<\/p>\n","protected":false},"author":11,"featured_media":0,"parent":0,"menu_order":0,"comment_status":"closed","ping_status":"closed","template":"full_width.php","meta":{"footnotes":""},"class_list":["post-19838","page","type-page","status-publish","hentry"],"yoast_head":"<!-- This site is optimized with the Yoast SEO plugin v25.6 - https:\/\/yoast.com\/wordpress\/plugins\/seo\/ -->\n<title>Application FITT Bluforce - FITT Bluforce<\/title>\n<meta name=\"robots\" content=\"index, follow, max-snippet:-1, max-image-preview:large, max-video-preview:-1\" \/>\n<link rel=\"canonical\" href=\"https:\/\/bluforce.fitt.com\/fr\/application-fitt-bluforce\/\" \/>\n<meta property=\"og:locale\" content=\"fr_FR\" \/>\n<meta property=\"og:type\" content=\"article\" \/>\n<meta property=\"og:title\" content=\"Application FITT Bluforce - FITT Bluforce\" \/>\n<meta property=\"og:description\" content=\"[vc_row css_animation=\u00a0\u00bb\u00a0\u00bb row_type=\u00a0\u00bbrow\u00a0\u00bb use_row_as_full_screen_section=\u00a0\u00bbno\u00a0\u00bb type=\u00a0\u00bbfull_width\u00a0\u00bb angled_section=\u00a0\u00bbno\u00a0\u00bb text_align=\u00a0\u00bbleft\u00a0\u00bb background_image=\u00a0\u00bb15947&Prime; background_image_as_pattern=\u00a0\u00bbwithout_pattern\u00a0\u00bb][vc_column][vc_row_inner row_type=\u00a0\u00bbrow\u00a0\u00bb type=\u00a0\u00bbgrid\u00a0\u00bb text_align=\u00a0\u00bbcenter\u00a0\u00bb css_animation=\u00a0\u00bb\u00a0\u00bb css=\u00a0\u00bb.vc_custom_1505981082948{padding-top: 70px !important;padding-bottom: 70px !important;background-color: #004970 !important;}\u00a0\u00bb][vc_column_inner][vc_column_text css=\u00a0\u00bb.vc_custom_1571639848521{padding-top: 15px !important;padding-right: 15px !important;padding-bottom: 15px !important;padding-left: 15px !important;}\u00a0\u00bb] Application FITT Bluforce [\/vc_column_text][vc_separator type=\u00a0\u00bbsmall\u00a0\u00bb position=\u00a0\u00bbcenter\u00a0\u00bb up=\u00a0\u00bb25&Prime; down=\u00a0\u00bb25&Prime; el_class=\u00a0\u00bbcss3gradient\u00a0\u00bb][vc_column_text css=\u00a0\u00bb.vc_custom_1571639859802{padding-top: 15px !important;padding-right: 15px !important;padding-bottom: 15px !important;padding-left:...\" \/>\n<meta property=\"og:url\" content=\"https:\/\/bluforce.fitt.com\/fr\/application-fitt-bluforce\/\" \/>\n<meta property=\"og:site_name\" content=\"FITT Bluforce\" \/>\n<meta property=\"article:publisher\" content=\"https:\/\/www.facebook.com\/FittCompany\/\" \/>\n<meta property=\"article:modified_time\" content=\"2019-10-21T06:40:18+00:00\" \/>\n<meta name=\"twitter:card\" content=\"summary_large_image\" \/>\n<meta name=\"twitter:site\" content=\"@Fittspa\" \/>\n<meta name=\"twitter:label1\" content=\"Dur\u00e9e de lecture estim\u00e9e\" \/>\n\t<meta name=\"twitter:data1\" content=\"4 minutes\" \/>\n<script type=\"application\/ld+json\" class=\"yoast-schema-graph\">{\"@context\":\"https:\/\/schema.org\",\"@graph\":[{\"@type\":\"WebPage\",\"@id\":\"https:\/\/bluforce.fitt.com\/fr\/application-fitt-bluforce\/\",\"url\":\"https:\/\/bluforce.fitt.com\/fr\/application-fitt-bluforce\/\",\"name\":\"Application FITT Bluforce - FITT Bluforce\",\"isPartOf\":{\"@id\":\"https:\/\/bluforce.fitt.com\/fr\/#website\"},\"datePublished\":\"2019-02-04T11:09:47+00:00\",\"dateModified\":\"2019-10-21T06:40:18+00:00\",\"breadcrumb\":{\"@id\":\"https:\/\/bluforce.fitt.com\/fr\/application-fitt-bluforce\/#breadcrumb\"},\"inLanguage\":\"fr-FR\",\"potentialAction\":[{\"@type\":\"ReadAction\",\"target\":[\"https:\/\/bluforce.fitt.com\/fr\/application-fitt-bluforce\/\"]}]},{\"@type\":\"BreadcrumbList\",\"@id\":\"https:\/\/bluforce.fitt.com\/fr\/application-fitt-bluforce\/#breadcrumb\",\"itemListElement\":[{\"@type\":\"ListItem\",\"position\":1,\"name\":\"Home\",\"item\":\"https:\/\/bluforce.fitt.com\/fr\/\"},{\"@type\":\"ListItem\",\"position\":2,\"name\":\"Application FITT Bluforce\"}]},{\"@type\":\"WebSite\",\"@id\":\"https:\/\/bluforce.fitt.com\/fr\/#website\",\"url\":\"https:\/\/bluforce.fitt.com\/fr\/\",\"name\":\"FITT Bluforce\",\"description\":\"Tubo PVC - Tubo per Acqua Potabile - Tubo Irrigazione\",\"potentialAction\":[{\"@type\":\"SearchAction\",\"target\":{\"@type\":\"EntryPoint\",\"urlTemplate\":\"https:\/\/bluforce.fitt.com\/fr\/?s={search_term_string}\"},\"query-input\":{\"@type\":\"PropertyValueSpecification\",\"valueRequired\":true,\"valueName\":\"search_term_string\"}}],\"inLanguage\":\"fr-FR\"}]}<\/script>\n<!-- \/ Yoast SEO plugin. -->","yoast_head_json":{"title":"Application FITT Bluforce - FITT Bluforce","robots":{"index":"index","follow":"follow","max-snippet":"max-snippet:-1","max-image-preview":"max-image-preview:large","max-video-preview":"max-video-preview:-1"},"canonical":"https:\/\/bluforce.fitt.com\/fr\/application-fitt-bluforce\/","og_locale":"fr_FR","og_type":"article","og_title":"Application FITT Bluforce - FITT Bluforce","og_description":"[vc_row css_animation=\u00a0\u00bb\u00a0\u00bb row_type=\u00a0\u00bbrow\u00a0\u00bb use_row_as_full_screen_section=\u00a0\u00bbno\u00a0\u00bb type=\u00a0\u00bbfull_width\u00a0\u00bb angled_section=\u00a0\u00bbno\u00a0\u00bb text_align=\u00a0\u00bbleft\u00a0\u00bb background_image=\u00a0\u00bb15947&Prime; background_image_as_pattern=\u00a0\u00bbwithout_pattern\u00a0\u00bb][vc_column][vc_row_inner row_type=\u00a0\u00bbrow\u00a0\u00bb type=\u00a0\u00bbgrid\u00a0\u00bb text_align=\u00a0\u00bbcenter\u00a0\u00bb css_animation=\u00a0\u00bb\u00a0\u00bb css=\u00a0\u00bb.vc_custom_1505981082948{padding-top: 70px !important;padding-bottom: 70px !important;background-color: #004970 !important;}\u00a0\u00bb][vc_column_inner][vc_column_text css=\u00a0\u00bb.vc_custom_1571639848521{padding-top: 15px !important;padding-right: 15px !important;padding-bottom: 15px !important;padding-left: 15px !important;}\u00a0\u00bb] Application FITT Bluforce [\/vc_column_text][vc_separator type=\u00a0\u00bbsmall\u00a0\u00bb position=\u00a0\u00bbcenter\u00a0\u00bb up=\u00a0\u00bb25&Prime; down=\u00a0\u00bb25&Prime; el_class=\u00a0\u00bbcss3gradient\u00a0\u00bb][vc_column_text css=\u00a0\u00bb.vc_custom_1571639859802{padding-top: 15px !important;padding-right: 15px !important;padding-bottom: 15px !important;padding-left:...","og_url":"https:\/\/bluforce.fitt.com\/fr\/application-fitt-bluforce\/","og_site_name":"FITT Bluforce","article_publisher":"https:\/\/www.facebook.com\/FittCompany\/","article_modified_time":"2019-10-21T06:40:18+00:00","twitter_card":"summary_large_image","twitter_site":"@Fittspa","twitter_misc":{"Dur\u00e9e de lecture estim\u00e9e":"4 minutes"},"schema":{"@context":"https:\/\/schema.org","@graph":[{"@type":"WebPage","@id":"https:\/\/bluforce.fitt.com\/fr\/application-fitt-bluforce\/","url":"https:\/\/bluforce.fitt.com\/fr\/application-fitt-bluforce\/","name":"Application FITT Bluforce - FITT Bluforce","isPartOf":{"@id":"https:\/\/bluforce.fitt.com\/fr\/#website"},"datePublished":"2019-02-04T11:09:47+00:00","dateModified":"2019-10-21T06:40:18+00:00","breadcrumb":{"@id":"https:\/\/bluforce.fitt.com\/fr\/application-fitt-bluforce\/#breadcrumb"},"inLanguage":"fr-FR","potentialAction":[{"@type":"ReadAction","target":["https:\/\/bluforce.fitt.com\/fr\/application-fitt-bluforce\/"]}]},{"@type":"BreadcrumbList","@id":"https:\/\/bluforce.fitt.com\/fr\/application-fitt-bluforce\/#breadcrumb","itemListElement":[{"@type":"ListItem","position":1,"name":"Home","item":"https:\/\/bluforce.fitt.com\/fr\/"},{"@type":"ListItem","position":2,"name":"Application FITT Bluforce"}]},{"@type":"WebSite","@id":"https:\/\/bluforce.fitt.com\/fr\/#website","url":"https:\/\/bluforce.fitt.com\/fr\/","name":"FITT Bluforce","description":"Tubo PVC - Tubo per Acqua Potabile - Tubo Irrigazione","potentialAction":[{"@type":"SearchAction","target":{"@type":"EntryPoint","urlTemplate":"https:\/\/bluforce.fitt.com\/fr\/?s={search_term_string}"},"query-input":{"@type":"PropertyValueSpecification","valueRequired":true,"valueName":"search_term_string"}}],"inLanguage":"fr-FR"}]}},"_links":{"self":[{"href":"https:\/\/bluforce.fitt.com\/fr\/wp-json\/wp\/v2\/pages\/19838"}],"collection":[{"href":"https:\/\/bluforce.fitt.com\/fr\/wp-json\/wp\/v2\/pages"}],"about":[{"href":"https:\/\/bluforce.fitt.com\/fr\/wp-json\/wp\/v2\/types\/page"}],"author":[{"embeddable":true,"href":"https:\/\/bluforce.fitt.com\/fr\/wp-json\/wp\/v2\/users\/11"}],"replies":[{"embeddable":true,"href":"https:\/\/bluforce.fitt.com\/fr\/wp-json\/wp\/v2\/comments?post=19838"}],"version-history":[{"count":2,"href":"https:\/\/bluforce.fitt.com\/fr\/wp-json\/wp\/v2\/pages\/19838\/revisions"}],"predecessor-version":[{"id":19841,"href":"https:\/\/bluforce.fitt.com\/fr\/wp-json\/wp\/v2\/pages\/19838\/revisions\/19841"}],"wp:attachment":[{"href":"https:\/\/bluforce.fitt.com\/fr\/wp-json\/wp\/v2\/media?parent=19838"}],"curies":[{"name":"wp","href":"https:\/\/api.w.org\/{rel}","templated":true}]}}