{"id":24038,"date":"2025-07-02T15:32:02","date_gmt":"2025-07-02T13:32:02","guid":{"rendered":"https:\/\/bluforce.fitt.com\/accessibilita-web\/"},"modified":"2025-09-23T14:16:34","modified_gmt":"2025-09-23T12:16:34","slug":"accessibilita-web","status":"publish","type":"page","link":"https:\/\/bluforce.fitt.com\/fr\/accessibilita-web\/","title":{"rendered":"Accessibilit\u00e0 web"},"content":{"rendered":"\t\t<div data-elementor-type=\"wp-page\" data-elementor-id=\"24038\" class=\"elementor elementor-24038 elementor-24026\" data-elementor-post-type=\"page\">\n\t\t\t\t\t\t<section class=\"elementor-section elementor-top-section elementor-element elementor-element-6dd3dfd5 elementor-section-boxed elementor-section-height-default elementor-section-height-default\" data-id=\"6dd3dfd5\" data-element_type=\"section\">\n\t\t\t\t\t\t<div class=\"elementor-container elementor-column-gap-default\">\n\t\t\t\t\t<div class=\"elementor-column elementor-col-100 elementor-top-column elementor-element elementor-element-7fc07093\" data-id=\"7fc07093\" data-element_type=\"column\">\n\t\t\t<div class=\"elementor-widget-wrap elementor-element-populated\">\n\t\t\t\t\t\t<div class=\"elementor-element elementor-element-d0328de elementor-widget__width-initial elementor-widget elementor-widget-text-editor\" data-id=\"d0328de\" data-element_type=\"widget\" data-widget_type=\"text-editor.default\">\n\t\t\t\t<div class=\"elementor-widget-container\">\n\t\t\t\t\t\t\t\t\t<h1>\u00a0<\/h1><h1>Accessibilit\u00e9 web<\/h1><p>\u00a0<\/p><p><strong>D\u00e9claration d&rsquo;accessibilit\u00e9 conform\u00e9ment au D\u00e9cret l\u00e9gislatif 82\/2022<\/strong><br \/>\u00a0<br \/>FITT S.p.A. s&rsquo;engage \u00e0 rendre son site web accessible, conform\u00e9ment au D\u00e9cret l\u00e9gislatif 82\/2022. Cette d\u00e9claration d&rsquo;accessibilit\u00e9 s&rsquo;applique \u00e0 https:\/\/bluforce.fitt.com\/<br \/>\u00a0<br \/><strong>Statut de conformit\u00e9 :<\/strong> Partiellement conforme<br \/>b) Ce site web est partiellement conforme aux exigences d\u00e9finies dans l&rsquo;Annexe A de la norme UNI CEI EN 301549 en raison de cas de non-conformit\u00e9.<br \/>\u00a0<br \/><strong>Contenus non accessibles<\/strong><br \/>Les contenus list\u00e9s ci-dessous ne sont pas accessibles pour les raisons suivantes :<br \/>a) non-respect du D\u00e9cret l\u00e9gislatif 82\/2022.<br \/>\u00a0<br \/>Certains contenus du site ne sont actuellement pas accessibles \u00e0 toutes les personnes, en particulier aux utilisateurs ayant des handicaps visuels ou moteurs. Les probl\u00e9matiques connues incluent :<br \/>&#8211; Le contraste entre texte et arri\u00e8re-plan ne garantit pas toujours une lecture ais\u00e9e.<br \/>&#8211; Certains contenus visuels et images n&rsquo;ont pas de descriptions alternatives accessibles.<br \/>&#8211; Les champs des formulaires ne sont pas toujours clairement \u00e9tiquet\u00e9s, rendant la saisie difficile.<br \/>&#8211; Certains \u00e9l\u00e9ments interactifs ou liens ne sont pas clairement identifiables par les technologies d&rsquo;assistance.<br \/>\u00a0<br \/>Des probl\u00e9matiques suppl\u00e9mentaires concernent l&rsquo;accessibilit\u00e9 des documents PDF et la gestion correcte du redimensionnement du texte et des messages de statut.<br \/>\u00a0<br \/>Ces probl\u00e9matiques ont d\u00e9j\u00e0 \u00e9t\u00e9 identifi\u00e9es et seront trait\u00e9es lors des prochaines mises \u00e0 jour du site.<br \/>\u00a0<br \/>b) charge disproportionn\u00e9e<br \/>D&rsquo;autres aspects du site pourraient pr\u00e9senter des difficult\u00e9s d&rsquo;acc\u00e8s, comme une structure des pages peu claire ou des textes alternatifs pas toujours descriptifs. L&rsquo;intervention sur ces \u00e9l\u00e9ments n\u00e9cessiterait une r\u00e9vision compl\u00e8te de la plateforme et, \u00e0 l&rsquo;\u00e9tat actuel, n\u00e9cessiterait des ressources disproportionn\u00e9es par rapport \u00e0 la capacit\u00e9 organisationnelle et technique.<br \/>\u00a0<br \/>c) le contenu n&rsquo;entre pas dans le champ d&rsquo;application de la l\u00e9gislation applicable<br \/>N\/A<br \/>\u00a0<br \/><strong>R\u00e9daction de la d\u00e9claration d&rsquo;accessibilit\u00e9<\/strong><br \/>Cette d\u00e9claration a \u00e9t\u00e9 r\u00e9dig\u00e9e le 19\/09\/2025<br \/>Les informations pr\u00e9sentes dans la d\u00e9claration doivent \u00eatre tir\u00e9es d&rsquo;une des analyses suivantes :<br \/>\u25cf une \u00e9valuation effectu\u00e9e par des tiers.<br \/>La d\u00e9claration a \u00e9t\u00e9 r\u00e9examin\u00e9e pour la derni\u00e8re fois le 19\/09\/2025<br \/>\u00a0<br \/><strong>Modalit\u00e9 d&rsquo;envoi des signalements et contacts de l&rsquo;entit\u00e9 prestataire<\/strong><br \/>Les utilisateurs peuvent envoyer des signalements de probl\u00e8mes d&rsquo;accessibilit\u00e9 par email \u00e0 l&rsquo;adresse : accessibility@fitt.com<br \/>Entit\u00e9 prestataire : FITT S.p.A.<br \/>Adresse : Via Piave, 8 &#8211; 36066 Sandrigo (VI) &#8211; Italy<br \/>\u00a0<br \/><strong>Modalit\u00e9 d&rsquo;envoi des signalements \u00e0 l&rsquo;AgID<\/strong><br \/>En cas de r\u00e9ponse insatisfaisante ou d&rsquo;absence de r\u00e9ponse, dans un d\u00e9lai de trente jours, \u00e0 la notification ou \u00e0 la demande, l&rsquo;int\u00e9ress\u00e9 peut envoyer un signalement en utilisant la modalit\u00e9 indiqu\u00e9e sur le site institutionnel d&rsquo;AgID.<br \/>\u00a0<br \/><strong>Informations sur le site<\/strong><br \/>1. Des tests d&rsquo;utilisabilit\u00e9 ont \u00e9t\u00e9 effectu\u00e9s : non<br \/>2. CMS utilis\u00e9 pour le site web : WordPress<br \/>\u00a0<br \/>\u00a0<\/p>\t\t\t\t\t\t\t\t<\/div>\n\t\t\t\t<\/div>\n\t\t\t\t\t<\/div>\n\t\t<\/div>\n\t\t\t\t\t<\/div>\n\t\t<\/section>\n\t\t\t\t<section class=\"elementor-section elementor-top-section elementor-element elementor-element-a03a957 elementor-section-boxed elementor-section-height-default elementor-section-height-default\" data-id=\"a03a957\" data-element_type=\"section\">\n\t\t\t\t\t\t<div class=\"elementor-container elementor-column-gap-default\">\n\t\t\t\t\t<div class=\"elementor-column elementor-col-100 elementor-top-column elementor-element elementor-element-dd71305\" data-id=\"dd71305\" data-element_type=\"column\">\n\t\t\t<div class=\"elementor-widget-wrap\">\n\t\t\t\t\t\t\t<\/div>\n\t\t<\/div>\n\t\t\t\t\t<\/div>\n\t\t<\/section>\n\t\t\t\t<\/div>\n\t\t","protected":false},"excerpt":{"rendered":"<p>\u00a0 Accessibilit\u00e9 web \u00a0 D\u00e9claration d&rsquo;accessibilit\u00e9 conform\u00e9ment au D\u00e9cret l\u00e9gislatif 82\/2022\u00a0FITT S.p.A. s&rsquo;engage \u00e0 rendre son site web accessible, conform\u00e9ment au D\u00e9cret l\u00e9gislatif 82\/2022. Cette d\u00e9claration d&rsquo;accessibilit\u00e9 s&rsquo;applique \u00e0 https:\/\/bluforce.fitt.com\/\u00a0Statut de conformit\u00e9 : Partiellement conformeb) Ce site web est partiellement conforme aux exigences d\u00e9finies dans&#8230;<\/p>\n","protected":false},"author":13,"featured_media":0,"parent":0,"menu_order":0,"comment_status":"closed","ping_status":"closed","template":"","meta":{"footnotes":""},"class_list":["post-24038","page","type-page","status-publish","hentry"],"yoast_head":"<!-- This site is optimized with the Yoast SEO plugin v25.6 - https:\/\/yoast.com\/wordpress\/plugins\/seo\/ -->\n<title>Bluforce di FITT spa | Privacy e termini - Norme sulla privacy<\/title>\n<meta name=\"description\" content=\"La privacy degli utenti \u00e8 importante per FITT spa, pertanto gli utenti di FITT, nuovi ... Le nostre norme sulla privacy si applicano a tutti i servizi offerti da FITT ...\" \/>\n<meta name=\"robots\" content=\"index, follow, max-snippet:-1, max-image-preview:large, max-video-preview:-1\" \/>\n<link rel=\"canonical\" href=\"https:\/\/bluforce.fitt.com\/fr\/accessibilita-web\/\" \/>\n<meta property=\"og:locale\" content=\"fr_FR\" \/>\n<meta property=\"og:type\" content=\"article\" \/>\n<meta property=\"og:title\" content=\"Bluforce di FITT spa | Privacy e termini - Norme sulla privacy\" \/>\n<meta property=\"og:description\" content=\"La privacy degli utenti \u00e8 importante per FITT spa, pertanto gli utenti di FITT, nuovi ... Le nostre norme sulla privacy si applicano a tutti i servizi offerti da FITT ...\" \/>\n<meta property=\"og:url\" content=\"https:\/\/bluforce.fitt.com\/fr\/accessibilita-web\/\" \/>\n<meta property=\"og:site_name\" content=\"FITT Bluforce\" \/>\n<meta property=\"article:publisher\" content=\"https:\/\/www.facebook.com\/FittCompany\/\" \/>\n<meta property=\"article:modified_time\" content=\"2025-09-23T12:16:34+00:00\" \/>\n<meta name=\"twitter:card\" content=\"summary_large_image\" \/>\n<meta name=\"twitter:site\" content=\"@Fittspa\" \/>\n<meta name=\"twitter:label1\" content=\"Dur\u00e9e de lecture estim\u00e9e\" \/>\n\t<meta name=\"twitter:data1\" content=\"3 minutes\" \/>\n<script type=\"application\/ld+json\" class=\"yoast-schema-graph\">{\"@context\":\"https:\/\/schema.org\",\"@graph\":[{\"@type\":\"WebPage\",\"@id\":\"https:\/\/bluforce.fitt.com\/fr\/accessibilita-web\/\",\"url\":\"https:\/\/bluforce.fitt.com\/fr\/accessibilita-web\/\",\"name\":\"Bluforce di FITT spa | Privacy e termini - Norme sulla privacy\",\"isPartOf\":{\"@id\":\"https:\/\/bluforce.fitt.com\/fr\/#website\"},\"datePublished\":\"2025-07-02T13:32:02+00:00\",\"dateModified\":\"2025-09-23T12:16:34+00:00\",\"description\":\"La privacy degli utenti \u00e8 importante per FITT spa, pertanto gli utenti di FITT, nuovi ... Le nostre norme sulla privacy si applicano a tutti i servizi offerti da FITT ...\",\"breadcrumb\":{\"@id\":\"https:\/\/bluforce.fitt.com\/fr\/accessibilita-web\/#breadcrumb\"},\"inLanguage\":\"fr-FR\",\"potentialAction\":[{\"@type\":\"ReadAction\",\"target\":[\"https:\/\/bluforce.fitt.com\/fr\/accessibilita-web\/\"]}]},{\"@type\":\"BreadcrumbList\",\"@id\":\"https:\/\/bluforce.fitt.com\/fr\/accessibilita-web\/#breadcrumb\",\"itemListElement\":[{\"@type\":\"ListItem\",\"position\":1,\"name\":\"Home\",\"item\":\"https:\/\/bluforce.fitt.com\/fr\/\"},{\"@type\":\"ListItem\",\"position\":2,\"name\":\"Accessibilit\u00e0 web\"}]},{\"@type\":\"WebSite\",\"@id\":\"https:\/\/bluforce.fitt.com\/fr\/#website\",\"url\":\"https:\/\/bluforce.fitt.com\/fr\/\",\"name\":\"FITT Bluforce\",\"description\":\"Tubo PVC - Tubo per Acqua Potabile - Tubo Irrigazione\",\"potentialAction\":[{\"@type\":\"SearchAction\",\"target\":{\"@type\":\"EntryPoint\",\"urlTemplate\":\"https:\/\/bluforce.fitt.com\/fr\/?s={search_term_string}\"},\"query-input\":{\"@type\":\"PropertyValueSpecification\",\"valueRequired\":true,\"valueName\":\"search_term_string\"}}],\"inLanguage\":\"fr-FR\"}]}<\/script>\n<!-- \/ Yoast SEO plugin. -->","yoast_head_json":{"title":"Bluforce di FITT spa | Privacy e termini - Norme sulla privacy","description":"La privacy degli utenti \u00e8 importante per FITT spa, pertanto gli utenti di FITT, nuovi ... Le nostre norme sulla privacy si applicano a tutti i servizi offerti da FITT ...","robots":{"index":"index","follow":"follow","max-snippet":"max-snippet:-1","max-image-preview":"max-image-preview:large","max-video-preview":"max-video-preview:-1"},"canonical":"https:\/\/bluforce.fitt.com\/fr\/accessibilita-web\/","og_locale":"fr_FR","og_type":"article","og_title":"Bluforce di FITT spa | Privacy e termini - Norme sulla privacy","og_description":"La privacy degli utenti \u00e8 importante per FITT spa, pertanto gli utenti di FITT, nuovi ... Le nostre norme sulla privacy si applicano a tutti i servizi offerti da FITT ...","og_url":"https:\/\/bluforce.fitt.com\/fr\/accessibilita-web\/","og_site_name":"FITT Bluforce","article_publisher":"https:\/\/www.facebook.com\/FittCompany\/","article_modified_time":"2025-09-23T12:16:34+00:00","twitter_card":"summary_large_image","twitter_site":"@Fittspa","twitter_misc":{"Dur\u00e9e de lecture estim\u00e9e":"3 minutes"},"schema":{"@context":"https:\/\/schema.org","@graph":[{"@type":"WebPage","@id":"https:\/\/bluforce.fitt.com\/fr\/accessibilita-web\/","url":"https:\/\/bluforce.fitt.com\/fr\/accessibilita-web\/","name":"Bluforce di FITT spa | Privacy e termini - Norme sulla privacy","isPartOf":{"@id":"https:\/\/bluforce.fitt.com\/fr\/#website"},"datePublished":"2025-07-02T13:32:02+00:00","dateModified":"2025-09-23T12:16:34+00:00","description":"La privacy degli utenti \u00e8 importante per FITT spa, pertanto gli utenti di FITT, nuovi ... Le nostre norme sulla privacy si applicano a tutti i servizi offerti da FITT ...","breadcrumb":{"@id":"https:\/\/bluforce.fitt.com\/fr\/accessibilita-web\/#breadcrumb"},"inLanguage":"fr-FR","potentialAction":[{"@type":"ReadAction","target":["https:\/\/bluforce.fitt.com\/fr\/accessibilita-web\/"]}]},{"@type":"BreadcrumbList","@id":"https:\/\/bluforce.fitt.com\/fr\/accessibilita-web\/#breadcrumb","itemListElement":[{"@type":"ListItem","position":1,"name":"Home","item":"https:\/\/bluforce.fitt.com\/fr\/"},{"@type":"ListItem","position":2,"name":"Accessibilit\u00e0 web"}]},{"@type":"WebSite","@id":"https:\/\/bluforce.fitt.com\/fr\/#website","url":"https:\/\/bluforce.fitt.com\/fr\/","name":"FITT Bluforce","description":"Tubo PVC - Tubo per Acqua Potabile - Tubo Irrigazione","potentialAction":[{"@type":"SearchAction","target":{"@type":"EntryPoint","urlTemplate":"https:\/\/bluforce.fitt.com\/fr\/?s={search_term_string}"},"query-input":{"@type":"PropertyValueSpecification","valueRequired":true,"valueName":"search_term_string"}}],"inLanguage":"fr-FR"}]}},"_links":{"self":[{"href":"https:\/\/bluforce.fitt.com\/fr\/wp-json\/wp\/v2\/pages\/24038"}],"collection":[{"href":"https:\/\/bluforce.fitt.com\/fr\/wp-json\/wp\/v2\/pages"}],"about":[{"href":"https:\/\/bluforce.fitt.com\/fr\/wp-json\/wp\/v2\/types\/page"}],"author":[{"embeddable":true,"href":"https:\/\/bluforce.fitt.com\/fr\/wp-json\/wp\/v2\/users\/13"}],"replies":[{"embeddable":true,"href":"https:\/\/bluforce.fitt.com\/fr\/wp-json\/wp\/v2\/comments?post=24038"}],"version-history":[{"count":27,"href":"https:\/\/bluforce.fitt.com\/fr\/wp-json\/wp\/v2\/pages\/24038\/revisions"}],"predecessor-version":[{"id":24213,"href":"https:\/\/bluforce.fitt.com\/fr\/wp-json\/wp\/v2\/pages\/24038\/revisions\/24213"}],"wp:attachment":[{"href":"https:\/\/bluforce.fitt.com\/fr\/wp-json\/wp\/v2\/media?parent=24038"}],"curies":[{"name":"wp","href":"https:\/\/api.w.org\/{rel}","templated":true}]}}